{"id":1909,"date":"2020-08-26T10:42:52","date_gmt":"2020-08-26T10:42:52","guid":{"rendered":"https:\/\/www.alocin.org\/?page_id=1909"},"modified":"2020-08-26T10:43:19","modified_gmt":"2020-08-26T10:43:19","slug":"politica-de-cookies","status":"publish","type":"page","link":"https:\/\/www.alocin.org\/es\/politica-de-cookies\/","title":{"rendered":"POL\u00cdTICA DE COOKIES"},"content":{"rendered":"<p>A continuaci\u00f3n, se detalla el \u00edndice de la presente POL\u00cdTICA DE COOKIES:<\/p>\n<ol>\n<li>INFORMACI\u00d3N GENERAL SOBRE LAS COOKIES.<\/li>\n<li>INFORMACI\u00d3N SOBRE NUESTRAS COOKIES<\/li>\n<\/ol>\n<p>&nbsp;<\/p>\n<ol>\n<li><b> INFORMACI\u00d3N GENERAL SOBRE LAS COOKIES<\/b><\/li>\n<\/ol>\n<p>Una Cookie es un peque\u00f1o archivo de informaci\u00f3n que un sitio web almacena en su equipo, tel\u00e9fono o cualquier otro dispositivo, con informaci\u00f3n sobre su navegaci\u00f3n en dicho sitio. Algunas cookies pueden ser necesarias para facilitar la navegaci\u00f3n y hacerla m\u00e1s amigable, sin da\u00f1ar su ordenador.<\/p>\n<p>Las cookies nos ayudan a mejorar la experiencia de nuestra web, permitiendo realizar tareas que har\u00e1n mas c\u00f3moda y f\u00e1cil su visita en este sitio web. Por tanto, podemos encontrar tanto cookies que sean obligatorias para el buen funcionamiento de la web, y otras que sean para mejorar y analizar su experiencia.<\/p>\n<p>(1) Estas cookies pueden ser propias (aquellas que se env\u00edan a tu equipo desde nuestros propios equipos o dominios) o de terceros (aquellas que se env\u00edan a tu equipo desde un equipo o dominio que no es gestionado por nosotros \u2013por ejemplo, de Google); ello quiere decir que la informaci\u00f3n que se recopila, se realiza a trav\u00e9s de archivos de terceras empresas y, por tanto, son estas empresas las que nos facilitan dicha informaci\u00f3n.<\/p>\n<p>(2) Podemos encontrar otra clasificaci\u00f3n de las cookies, seg\u00fan su finalidad:<\/p>\n<ul>\n<li><b>Cookies t\u00e9cnicas<\/b>: Cookies que son imprescindibles para el buen funcionamiento de la web. Por ejemplo, cookies para controlar el tr\u00e1fico y la comunicaci\u00f3n de datos, cookies para ofrecer seguridad, etc. Si este tipo de cookies se eliminaran, podr\u00eda verse afectado el funcionamiento de la web.<\/li>\n<li><b>Cookies de an\u00e1lisis<\/b>: Cookies que ofrecen informaci\u00f3n estad\u00edstica sobre la web. Por ejemplo, el n\u00famero de visitantes, el tiempo de duraci\u00f3n de su visita, etc.<\/li>\n<li><b>Cookies de personalizaci\u00f3n<\/b>: Cookies que permiten ofrecer una cierta personalizaci\u00f3n de la web seg\u00fan la informaci\u00f3n que reciba la cookie del navgador. Con ello, conseguimos que la experiencia del usuario mejore, por ejemplo, adaptando el idioma, localizaci\u00f3n para facilitar el autocompletado, etc.<\/li>\n<li><b>Cookies publicitarias<\/b>:\u00a0Cookies que permiten ofrecer y adaptar publicidad personalizada al usuario que visita la web, seg\u00fan sus h\u00e1bitos de navegaci\u00f3n.<\/li>\n<\/ul>\n<p>&nbsp;<\/p>\n<p>(3) Tambi\u00e9n indicarle que la instalaci\u00f3n de las cookies puede ser temporal (dejan de enviar informaci\u00f3n una vez transcurrido el tiempo de instalaci\u00f3n \u2013por ejemplo, cookies de sesi\u00f3n) o permanente (no expira si no se elimina). Para evitar que estas cookies dejen de instalarse en su equipo o eliminarlas, puede dirigirse a los siguientes enlaces para obtener toda la informaci\u00f3n para configurar o deshabilitar tus cookies en cada navegador:<\/p>\n<ul>\n<li><b>Mozilla Firefox<\/b>: https:\/\/support.mozilla.org\/es\/kb\/habilitar-y-deshabilitar-cookies-sitios-web-rastrear-preferencias?redirectlocale=es&amp;redirectslug=habilitar-y-deshabilitar-cookies-que-los-sitios-we<\/li>\n<li><b>Chrome<\/b>: https:\/\/support.google.com\/chrome\/answer\/95647?hl=es<\/li>\n<li><b>Internet Explorer<\/b>: https:\/\/support.microsoft.com\/es-es\/help\/17442\/windows-internet-explorer-delete-manage-cookies<\/li>\n<li><b>Safari<\/b>: http:\/\/support.apple.com\/kb\/ph5042<\/li>\n<li><b>Opera<\/b>: http:\/\/help.opera.com\/Windows\/11.50\/es-ES\/cookies.html<\/li>\n<\/ul>\n<p>Si hemos obtenido su consentimiento previo, esa cookie seguir\u00e1 instalada si no ha realizado ninguna acci\u00f3n en contra posterior o su duraci\u00f3n ha expirado.<\/p>\n<p>&nbsp;<\/p>\n<ol start=\"2\">\n<li><b> INFORMACI\u00d3N SOBRE NUESTRAS COOKIES\u00a0<\/b><\/li>\n<\/ol>\n<p>Una vez explicado todo lo anterior, se detalla a continuaci\u00f3n la informaci\u00f3n relativa a las cookies que utilizamos, de acuerdo con lo que dispone la normativa al respecto.<\/p>\n<p>Las cookies de terceros que utilizamos en esta p\u00e1gina web, pertenecen a Google, INC, entidad situada fuera del Espacio Econ\u00f3mico Europeo (1600 Amphitheatre Parkway, Mountain View (California), CA 94043, EE.UU). Todas adheridas al marco de privacidad del Privacy Shield. Los datos no ser\u00e1n comunicados a terceros, salvo lo previsto en la pol\u00edtica de privacidad de Google. Google Analytics se rige por las condiciones generales de Google accesibles en\u00a0<a href=\"http:\/\/www.google.com\/analytics\/tos.html\">http:\/\/www.google.com\/analytics\/tos.html<\/a>\u00a0y por las pol\u00edticas de privacidad de Google accesibles en\u00a0<a href=\"http:\/\/www.google.com\/intl\/es\/policies\/privacy\/\">http:\/\/www.google.com\/intl\/es\/policies\/privacy\/<\/a>. La finalidad del tratamiento llevado a cabo por Google es el an\u00e1lisis y medici\u00f3n de datos para proveer los servicios a los clientes. Puede obtener m\u00e1s informaci\u00f3n en el siguiente enlace <a href=\"https:\/\/support.google.com\/analytics\/answer\/6004245?hl=es\">https:\/\/support.google.com\/analytics\/answer\/6004245?hl=es<\/a><\/p>\n<p>&nbsp;<\/p>\n<p>Para mas informaci\u00f3n en materia de protecci\u00f3n de datos, acudir a la Pol\u00edtica de Privacidad del presente sitio web.<\/p>\n<table>\n<tbody>\n<tr>\n<td>NOMBRE<\/td>\n<td>TITULAR<\/td>\n<td>TIPO<\/td>\n<td>DESCRIPCI\u00d3N<\/td>\n<td>TIEMPO<\/td>\n<\/tr>\n<tr>\n<td>SIDCC<\/p>\n<p>SSID<\/td>\n<td rowspan=\"14\">Google<\/td>\n<td rowspan=\"4\">Anal\u00edtica<\/td>\n<td>Se utiliza para almacenar informaci\u00f3n sobre c\u00f3mo utiliza usted el sitio web y cualquier publicidad que haya visto antes de visitar este sitio web, adem\u00e1s de para ayudar a personalizar la publicidad en las propiedades de Google recordando sus b\u00fasquedas m\u00e1s recientes, sus interacciones anteriores con los anuncios o resultados de b\u00fasqueda de un anunciante y sus visitas a un sitio web de anunciantes.<\/td>\n<td>3 meses<\/td>\n<\/tr>\n<tr>\n<td>SAPISID<\/p>\n<p>APISID<\/td>\n<td>Se utiliza con fines de segmentaci\u00f3n para crear un perfil de los intereses del visitante del sitio web con el fin de mostrar publicidad relevante y personalizada de Google.<\/td>\n<td>2 a\u00f1os<\/td>\n<\/tr>\n<tr>\n<td>1P_JAR<\/td>\n<td>Google utiliza esta cookie para personalizar los anuncios seg\u00fan tus intereses.<\/td>\n<td>7 d\u00edas<\/td>\n<\/tr>\n<tr>\n<td>_gat_gtag_UA_117115522_1<\/td>\n<td>Se usa para distinguir a los usuarios y limitar el porcentaje de solicitudes.<\/td>\n<td>1 d\u00eda<\/td>\n<\/tr>\n<tr>\n<td>CONSENT<\/td>\n<td rowspan=\"5\">T\u00e9cnica<\/td>\n<td>Funci\u00f3n de aceptaci\u00f3n de cookies en sitios web.<\/td>\n<td>Permanente<\/td>\n<\/tr>\n<tr>\n<td>SID<\/p>\n<p>HSID<\/td>\n<td>Se utiliza con fines de seguridad para almacenar registros cifrados y firmados digitalmente de la Id. de cuenta de Google de un usuario y de la hora de inicio de sesi\u00f3n m\u00e1s reciente, lo que permite a Google autenticar a los usuarios, evitar el uso fraudulento de las credenciales de inicio de sesi\u00f3n y proteger los datos de los usuarios frente a terceros no autorizados. Tambi\u00e9n se puede utilizar con fines de segmentaci\u00f3n para mostrar contenido publicitario relevante y personalizado.<\/td>\n<td>2 a\u00f1os<\/td>\n<\/tr>\n<tr>\n<td>_gid<\/td>\n<td rowspan=\"2\">Cookie para distinguir usuarios \u00fanicos al asignar un n\u00famero generado aleatoriamente como un identificador de cliente. Se incluye en cada solicitud de p\u00e1gina del sitio web y se utiliza para calcular los datos de visitantes, sesiones y campa\u00f1as para los informes de an\u00e1lisis de sitios<\/td>\n<td>Sesi\u00f3n<\/td>\n<\/tr>\n<tr>\n<td>_ga<\/td>\n<td>2 a\u00f1os<\/td>\n<\/tr>\n<tr>\n<td>SEARCH_SAMESITE<\/td>\n<td>El objetivo es mitigar el riesgo de fuga de informaci\u00f3n de origen cruzado. Tambi\u00e9n proporciona cierta protecci\u00f3n contra los ataques de falsificaci\u00f3n de solicitudes entre sitios.<\/td>\n<td><\/td>\n<\/tr>\n<tr>\n<td>NID<\/td>\n<td rowspan=\"5\">Publicitaria<\/td>\n<td>Cookies para hacer que la publicidad sea m\u00e1s atractiva para los usuarios y m\u00e1s valiosa para los editores y anunciantes. Esta cookie personaliza los anuncios que se muestran en las propiedades de Google.<\/td>\n<td>6 meses<\/td>\n<\/tr>\n<tr>\n<td>ANID<\/td>\n<td>Se utiliza con fines de segmentaci\u00f3n para crear un perfil de los intereses del visitante del sitio web con el fin de mostrar publicidad relevante y personalizada de Google.<\/td>\n<td>1 a\u00f1o<\/td>\n<\/tr>\n<tr>\n<td>__Secure-3PSIDCC<\/td>\n<td rowspan=\"3\">Estas cookies se utilizan para entregar anuncios m\u00e1s relevantes para usted y sus intereses.<\/td>\n<td rowspan=\"3\">2 a\u00f1os<\/td>\n<\/tr>\n<tr>\n<td>__Secure-3PAPISID<\/td>\n<\/tr>\n<tr>\n<td>__Secure-3PSID<\/td>\n<\/tr>\n<\/tbody>\n<\/table>\n","protected":false},"excerpt":{"rendered":"<p>A continuaci\u00f3n, se detalla el \u00edndice de la presente POL\u00cdTICA DE COOKIES: INFORMACI\u00d3N GENERAL SOBRE LAS COOKIES. INFORMACI\u00d3N SOBRE NUESTRAS COOKIES &nbsp; INFORMACI\u00d3N GENERAL SOBRE LAS COOKIES Una Cookie es un peque\u00f1o archivo de informaci\u00f3n que un sitio web almacena en su equipo, tel\u00e9fono o cualquier otro dispositivo, con informaci\u00f3n sobre su navegaci\u00f3n en dicho  [&#8230;]<\/p>\n","protected":false},"author":1,"featured_media":0,"parent":0,"menu_order":0,"comment_status":"closed","ping_status":"closed","template":"","meta":{"_joinchat":[],"footnotes":""},"class_list":["post-1909","page","type-page","status-publish","hentry"],"yoast_head":"<!-- This site is optimized with the Yoast SEO plugin v27.6 - https:\/\/yoast.com\/product\/yoast-seo-wordpress\/ -->\n<title>POL\u00cdTICA DE COOKIES &#8226; Alocin \u00b7 Web marketing design SEO Freelance Wordpress<\/title>\n<meta name=\"robots\" content=\"index, follow, max-snippet:-1, max-image-preview:large, max-video-preview:-1\" \/>\n<link rel=\"canonical\" href=\"https:\/\/www.alocin.org\/es\/politica-de-cookies\/\" \/>\n<meta property=\"og:locale\" content=\"es_ES\" \/>\n<meta property=\"og:type\" content=\"article\" \/>\n<meta property=\"og:title\" content=\"POL\u00cdTICA DE COOKIES &#8226; Alocin \u00b7 Web marketing design SEO Freelance Wordpress\" \/>\n<meta property=\"og:description\" content=\"A continuaci\u00f3n, se detalla el \u00edndice de la presente POL\u00cdTICA DE COOKIES: INFORMACI\u00d3N GENERAL SOBRE LAS COOKIES. INFORMACI\u00d3N SOBRE NUESTRAS COOKIES &nbsp; INFORMACI\u00d3N GENERAL SOBRE LAS COOKIES Una Cookie es un peque\u00f1o archivo de informaci\u00f3n que un sitio web almacena en su equipo, tel\u00e9fono o cualquier otro dispositivo, con informaci\u00f3n sobre su navegaci\u00f3n en dicho [...]\" \/>\n<meta property=\"og:url\" content=\"https:\/\/www.alocin.org\/es\/politica-de-cookies\/\" \/>\n<meta property=\"og:site_name\" content=\"Alocin \u00b7 Web marketing design SEO Freelance Wordpress\" \/>\n<meta property=\"article:modified_time\" content=\"2020-08-26T10:43:19+00:00\" \/>\n<meta name=\"twitter:card\" content=\"summary_large_image\" \/>\n<meta name=\"twitter:label1\" content=\"Tiempo de lectura\" \/>\n\t<meta name=\"twitter:data1\" content=\"6 minutos\" \/>\n<script type=\"application\/ld+json\" class=\"yoast-schema-graph\">{\"@context\":\"https:\\\/\\\/schema.org\",\"@graph\":[{\"@type\":\"WebPage\",\"@id\":\"https:\\\/\\\/www.alocin.org\\\/es\\\/politica-de-cookies\\\/\",\"url\":\"https:\\\/\\\/www.alocin.org\\\/es\\\/politica-de-cookies\\\/\",\"name\":\"POL\u00cdTICA DE COOKIES &#8226; Alocin \u00b7 Web marketing design SEO Freelance Wordpress\",\"isPartOf\":{\"@id\":\"https:\\\/\\\/www.alocin.org\\\/#website\"},\"datePublished\":\"2020-08-26T10:42:52+00:00\",\"dateModified\":\"2020-08-26T10:43:19+00:00\",\"breadcrumb\":{\"@id\":\"https:\\\/\\\/www.alocin.org\\\/es\\\/politica-de-cookies\\\/#breadcrumb\"},\"inLanguage\":\"es\",\"potentialAction\":[{\"@type\":\"ReadAction\",\"target\":[\"https:\\\/\\\/www.alocin.org\\\/es\\\/politica-de-cookies\\\/\"]}]},{\"@type\":\"BreadcrumbList\",\"@id\":\"https:\\\/\\\/www.alocin.org\\\/es\\\/politica-de-cookies\\\/#breadcrumb\",\"itemListElement\":[{\"@type\":\"ListItem\",\"position\":1,\"name\":\"Portada\",\"item\":\"https:\\\/\\\/www.alocin.org\\\/es\\\/\"},{\"@type\":\"ListItem\",\"position\":2,\"name\":\"POL\u00cdTICA DE COOKIES\"}]},{\"@type\":\"WebSite\",\"@id\":\"https:\\\/\\\/www.alocin.org\\\/#website\",\"url\":\"https:\\\/\\\/www.alocin.org\\\/\",\"name\":\"Alocin \u00b7 Web marketing design &amp; SEO\",\"description\":\"Barcelona, Web Design \u00b7 Google\",\"publisher\":{\"@id\":\"https:\\\/\\\/www.alocin.org\\\/#organization\"},\"potentialAction\":[{\"@type\":\"SearchAction\",\"target\":{\"@type\":\"EntryPoint\",\"urlTemplate\":\"https:\\\/\\\/www.alocin.org\\\/?s={search_term_string}\"},\"query-input\":{\"@type\":\"PropertyValueSpecification\",\"valueRequired\":true,\"valueName\":\"search_term_string\"}}],\"inLanguage\":\"es\"},{\"@type\":\"Organization\",\"@id\":\"https:\\\/\\\/www.alocin.org\\\/#organization\",\"name\":\"Alocin \u00b7 Web marketing design & SEO \u00b7 Barcelona\",\"url\":\"https:\\\/\\\/www.alocin.org\\\/\",\"logo\":{\"@type\":\"ImageObject\",\"inLanguage\":\"es\",\"@id\":\"https:\\\/\\\/www.alocin.org\\\/#\\\/schema\\\/logo\\\/image\\\/\",\"url\":\"https:\\\/\\\/www.alocin.org\\\/wp-content\\\/uploads\\\/2018\\\/04\\\/LOGO-ALOCIN-260-freelancer-web-seo-barcelonanicola-mostallino.png\",\"contentUrl\":\"https:\\\/\\\/www.alocin.org\\\/wp-content\\\/uploads\\\/2018\\\/04\\\/LOGO-ALOCIN-260-freelancer-web-seo-barcelonanicola-mostallino.png\",\"width\":414,\"height\":260,\"caption\":\"Alocin \u00b7 Web marketing design & SEO \u00b7 Barcelona\"},\"image\":{\"@id\":\"https:\\\/\\\/www.alocin.org\\\/#\\\/schema\\\/logo\\\/image\\\/\"},\"sameAs\":[\"https:\\\/\\\/www.linkedin.com\\\/in\\\/nicola-mostallino-8161a960\\\/\"]}]}<\/script>\n<!-- \/ Yoast SEO plugin. -->","yoast_head_json":{"title":"POL\u00cdTICA DE COOKIES &#8226; Alocin \u00b7 Web marketing design SEO Freelance Wordpress","robots":{"index":"index","follow":"follow","max-snippet":"max-snippet:-1","max-image-preview":"max-image-preview:large","max-video-preview":"max-video-preview:-1"},"canonical":"https:\/\/www.alocin.org\/es\/politica-de-cookies\/","og_locale":"es_ES","og_type":"article","og_title":"POL\u00cdTICA DE COOKIES &#8226; Alocin \u00b7 Web marketing design SEO Freelance Wordpress","og_description":"A continuaci\u00f3n, se detalla el \u00edndice de la presente POL\u00cdTICA DE COOKIES: INFORMACI\u00d3N GENERAL SOBRE LAS COOKIES. INFORMACI\u00d3N SOBRE NUESTRAS COOKIES &nbsp; INFORMACI\u00d3N GENERAL SOBRE LAS COOKIES Una Cookie es un peque\u00f1o archivo de informaci\u00f3n que un sitio web almacena en su equipo, tel\u00e9fono o cualquier otro dispositivo, con informaci\u00f3n sobre su navegaci\u00f3n en dicho [...]","og_url":"https:\/\/www.alocin.org\/es\/politica-de-cookies\/","og_site_name":"Alocin \u00b7 Web marketing design SEO Freelance Wordpress","article_modified_time":"2020-08-26T10:43:19+00:00","twitter_card":"summary_large_image","twitter_misc":{"Tiempo de lectura":"6 minutos"},"schema":{"@context":"https:\/\/schema.org","@graph":[{"@type":"WebPage","@id":"https:\/\/www.alocin.org\/es\/politica-de-cookies\/","url":"https:\/\/www.alocin.org\/es\/politica-de-cookies\/","name":"POL\u00cdTICA DE COOKIES &#8226; Alocin \u00b7 Web marketing design SEO Freelance Wordpress","isPartOf":{"@id":"https:\/\/www.alocin.org\/#website"},"datePublished":"2020-08-26T10:42:52+00:00","dateModified":"2020-08-26T10:43:19+00:00","breadcrumb":{"@id":"https:\/\/www.alocin.org\/es\/politica-de-cookies\/#breadcrumb"},"inLanguage":"es","potentialAction":[{"@type":"ReadAction","target":["https:\/\/www.alocin.org\/es\/politica-de-cookies\/"]}]},{"@type":"BreadcrumbList","@id":"https:\/\/www.alocin.org\/es\/politica-de-cookies\/#breadcrumb","itemListElement":[{"@type":"ListItem","position":1,"name":"Portada","item":"https:\/\/www.alocin.org\/es\/"},{"@type":"ListItem","position":2,"name":"POL\u00cdTICA DE COOKIES"}]},{"@type":"WebSite","@id":"https:\/\/www.alocin.org\/#website","url":"https:\/\/www.alocin.org\/","name":"Alocin \u00b7 Web marketing design &amp; SEO","description":"Barcelona, Web Design \u00b7 Google","publisher":{"@id":"https:\/\/www.alocin.org\/#organization"},"potentialAction":[{"@type":"SearchAction","target":{"@type":"EntryPoint","urlTemplate":"https:\/\/www.alocin.org\/?s={search_term_string}"},"query-input":{"@type":"PropertyValueSpecification","valueRequired":true,"valueName":"search_term_string"}}],"inLanguage":"es"},{"@type":"Organization","@id":"https:\/\/www.alocin.org\/#organization","name":"Alocin \u00b7 Web marketing design & SEO \u00b7 Barcelona","url":"https:\/\/www.alocin.org\/","logo":{"@type":"ImageObject","inLanguage":"es","@id":"https:\/\/www.alocin.org\/#\/schema\/logo\/image\/","url":"https:\/\/www.alocin.org\/wp-content\/uploads\/2018\/04\/LOGO-ALOCIN-260-freelancer-web-seo-barcelonanicola-mostallino.png","contentUrl":"https:\/\/www.alocin.org\/wp-content\/uploads\/2018\/04\/LOGO-ALOCIN-260-freelancer-web-seo-barcelonanicola-mostallino.png","width":414,"height":260,"caption":"Alocin \u00b7 Web marketing design & SEO \u00b7 Barcelona"},"image":{"@id":"https:\/\/www.alocin.org\/#\/schema\/logo\/image\/"},"sameAs":["https:\/\/www.linkedin.com\/in\/nicola-mostallino-8161a960\/"]}]}},"_links":{"self":[{"href":"https:\/\/www.alocin.org\/es\/wp-json\/wp\/v2\/pages\/1909","targetHints":{"allow":["GET"]}}],"collection":[{"href":"https:\/\/www.alocin.org\/es\/wp-json\/wp\/v2\/pages"}],"about":[{"href":"https:\/\/www.alocin.org\/es\/wp-json\/wp\/v2\/types\/page"}],"author":[{"embeddable":true,"href":"https:\/\/www.alocin.org\/es\/wp-json\/wp\/v2\/users\/1"}],"replies":[{"embeddable":true,"href":"https:\/\/www.alocin.org\/es\/wp-json\/wp\/v2\/comments?post=1909"}],"version-history":[{"count":0,"href":"https:\/\/www.alocin.org\/es\/wp-json\/wp\/v2\/pages\/1909\/revisions"}],"wp:attachment":[{"href":"https:\/\/www.alocin.org\/es\/wp-json\/wp\/v2\/media?parent=1909"}],"curies":[{"name":"wp","href":"https:\/\/api.w.org\/{rel}","templated":true}]}}