{"id":1907,"date":"2020-08-26T10:37:06","date_gmt":"2020-08-26T10:37:06","guid":{"rendered":"https:\/\/www.alocin.org\/?page_id=1907"},"modified":"2020-08-26T10:37:06","modified_gmt":"2020-08-26T10:37:06","slug":"politica-de-privacidad","status":"publish","type":"page","link":"https:\/\/www.alocin.org\/es\/politica-de-privacidad\/","title":{"rendered":"POL\u00cdTICA DE PRIVACIDAD"},"content":{"rendered":"<p>La presente Pol\u00edtica de Privacidad explica detalladamente la informaci\u00f3n y condiciones legales del tratamiento de sus datos personales: qu\u00e9 datos recogemos, porqu\u00e9 los utilizamos, con qu\u00e9 finalidad, etc. en relaci\u00f3n con los servicios y\/o productos que ofrecemos.<\/p>\n<p>Informarles que la presente Pol\u00edtica de Privacidad se aplica a todos aquellos \u201cusuarios\u201d que nos facilitan sus datos personales, desde la presente p\u00e1gina web corporativa y, en su caso, desde nuestras redes sociales y\/o aplicaciones o plataformas.<\/p>\n<p>A continuaci\u00f3n, se detalla el \u00edndice de la presente POL\u00cdTICA DE PRIVACIDAD:<\/p>\n<p>1. IDENTIFICACI\u00d3N DEL RESPONSABLE DEL TRATAMIENTO DE SUS DATOS PERSONALES.<br \/>\n2. INFORMACI\u00d3N SOBRE LOS TRATAMIENTOS DE DATOS QUE LLEVAMOS A CABO A TRAV\u00c9S DE LA WEB.<br \/>\n3. POL\u00cdTICA DE PRIVACIDAD RESPECTO DE MENORES DE 14 A\u00d1OS.<br \/>\n4. CAMBIOS EN LA POL\u00cdTICA DE PRIVACIDAD.<br \/>\n5. RESPONSABILIDAD DEL USUARIO.<br \/>\n6. REDES SOCIALES.<\/p>\n<p>1. IDENTIFICACI\u00d3N DEL RESPONSABLE DEL TRATAMIENTO DE SUS DATOS PERSONALES<\/p>\n<p>El responsable del tratamiento de sus datos personales es: Nicola Mostallino (en adelante, el Responsable del tratamiento), con DNI Y2066069Q, con domicilio en Gran Via de les Corts Catalanes 514, 2\u00ba 2\u00ba &#8211; CP 08015 Barcelona, Espa\u00f1a, y datos de contacto: +34 633 83 65 24 y nicola.mostallino@gmail.com.<\/p>\n<p>No dispongo de Delegado de Protecci\u00f3n de Datos, debido a que, por ley, no estoy obligado a ello, pues el tipo de tratamiento de datos no se encuentra bajo los supuestos que la legislaci\u00f3n o la Agencia Espa\u00f1ola de Protecci\u00f3n de Datos contempla.<\/p>\n<p>Le informamos que puede ponerse en contacto con el Responsable del tratamiento de sus datos personales a trav\u00e9s de las v\u00edas de contacto que se acaban de detallar en este primer apartado.<\/p>\n<p>2. INFORMACI\u00d3N SOBRE LOS TRATAMIENTOS DE DATOS QUE LLEVAMOS A CABO A TRAV\u00c9S DE LA WEB<\/p>\n<p>La informaci\u00f3n que encontrar\u00e1 en cada uno de los tratamientos de datos personales ser\u00e1 la siguiente: a) los datos que recogemos, b) la finalidad de su tratamiento, c) la base legal, d) si los compartimos con terceros, e) durante cu\u00e1nto tiempo conservaremos sus datos, f) qu\u00e9 derechos puede ejercer en protecci\u00f3n de datos y, por \u00faltimo, g) c\u00f3mo protegemos sus datos.<\/p>\n<p>Gesti\u00f3n de las consultas, solicitud o peticiones a trav\u00e9s de formularios de la web.<\/p>\n<p>a) Qu\u00e9 datos personales recogemos: Nombre, apellidos y email.<br \/>\nb) La finalidad del tratamiento de sus datos personales: Gestionar las consultas o peticiones que cualquier usuario pudiera realizar a trav\u00e9s de los formularios habilitados en nuestra p\u00e1gina web.<br \/>\nc) La base legal por la que tratamos sus datos personales: Consentimiento o ejecuci\u00f3n de medidas precontractuales.<br \/>\nd) Si los compartimos sus datos con terceros: \u00danicamente compartiremos sus datos personales cuando sea necesario: hosting de la web, servicio de correo electr\u00f3nico, entre otros.<br \/>\ne) Durante cu\u00e1nto tiempo conservaremos sus datos personales: Conservaremos sus datos personales durante el tiempo necesario para la finalidad por la que fueron recogidos, as\u00ed como el tiempo necesario para posibles responsabilidades que pudieran derivarse.<\/p>\n<p>Env\u00edo de comunicaciones comerciales.<\/p>\n<p>a) Qu\u00e9 datos personales recogemos: Nombre, apellidos y email.<br \/>\nb) La finalidad del tratamiento de sus datos personales: Env\u00edo de comunicaciones comerciales sobre los productos y\/o servicios que ofrece el responsable del tratamiento.<br \/>\nc) La base legal por la que tratamos sus datos personales: Consentimiento del usuario.<br \/>\nd) Si los compartimos sus datos con terceros: \u00danicamente compartiremos sus datos personales cuando sea necesario para la ejecuci\u00f3n del contrato: hosting de la web, servicio de correo electr\u00f3nico, entre otros.<br \/>\ne) Durante cu\u00e1nto tiempo conservaremos sus datos personales: Conservaremos sus datos personales mientras dure la relaci\u00f3n comercial o bien, el usuario ejerza el derecho de supresi\u00f3n.<\/p>\n<p>\u00bfC\u00f3mo puedo dejar de recibir comunicaciones comerciales?<\/p>\n<p>Para cancelar su suscripci\u00f3n a nuestras comunicaciones comerciales \/ Newsletter, puedes hacer clic en el enlace al final del mismo correo electr\u00f3nico habilitado a tal efecto, en su \u00e1rea personal o cuenta o bien, envi\u00e1ndonos un email indic\u00e1ndonos que no deseas recibir m\u00e1s comunicaciones comerciales.<\/p>\n<p>Gesti\u00f3n de cookies.<\/p>\n<p>a) Qu\u00e9 datos personales recogemos: Datos de navegaci\u00f3n y, en su caso, de ubicaci\u00f3n, IP o cualquier otra informaci\u00f3n que se recopile y que se indique en el apartado \u201cPol\u00edtica de cookies\u201d. No obstante, no se registran datos que permitan identificar a los usuarios.<br \/>\nb) La finalidad del tratamiento de sus datos personales: Las finalidades se detallan en el apartado de \u201cPol\u00edtica de cookies\u201d.<br \/>\nc) La base legal por la que tratamos sus datos personales: Consentimiento.<br \/>\nd) Si los compartimos sus datos con terceros: \u00danicamente compartiremos sus datos personales cuando sea necesario.<br \/>\ne) Durante cu\u00e1nto tiempo conservaremos sus datos personales: En el apartado de \u201cPol\u00edtica de cookies\u201d aparece el tiempo de conservaci\u00f3n de los datos.<\/p>\n<p>Otros.<\/p>\n<p>A continuaci\u00f3n se detallan algunos ejemplos de posibles finalidades que podremos llevar a cabo sobre sus datos personales y la informaci\u00f3n se proporcionar\u00e1 en cada momento a cada usuario: Resoluci\u00f3n de posibles conflictos, comunicar actividades prohibidas y\/o ilegales, dar cumplimiento a obligaciones legales, entre otras.<\/p>\n<p>\u00bfQU\u00c9 DERECHOS PUEDEN EJERCER EN PROTECCI\u00d3N DE DATOS?<\/p>\n<p>Les informamos que el Responsable del Tratamiento tiene como objetivo primordial la protecci\u00f3n y defensa de sus derechos en materia de protecci\u00f3n de datos.<\/p>\n<p>La legislaci\u00f3n vigente le confiere los siguientes derechos relacionados con sus datos personales, que puede dirigirnos a trav\u00e9s de las diferentes v\u00edas de comunicaci\u00f3n indicadas en el primer apartado, adjuntando siempre fotocopia del documento de identidad o documento identificativo equivalente e indicando qu\u00e9 derecho o derechos desea ejercer:<\/p>\n<p>Derecho de acceso: Por ejemplo, puede ejercer su derecho a acceder a sus datos personales.<br \/>\nDerecho de rectificaci\u00f3n: Por ejemplo, puede modificar los datos que tratamos.<br \/>\nDerecho de oposici\u00f3n: Por ejemplo, puede ejercer su derecho a no recibir m\u00e1s publicidad\/Newsletter.<br \/>\nDerecho de supresi\u00f3n: Puede retirar el consentimiento o solicitar que eliminemos sus datos perosnales.<br \/>\nDerecho de limitaci\u00f3n: Por ejemplo, puede solicitar que conservemos m\u00e1s tiempo sus datos personales.<br \/>\nDerecho de portabilidad: Por ejemplo, puede solicitar que enviemos sus datos personales a otros responsable del tratamiento.<\/p>\n<p>Te informamos que, en caso de disconformidad con el tratamiento de tus datos personales, tienes derecho a presentar una reclamaci\u00f3n ante la autoridad de control competente (Agencia Espa\u00f1ola de Protecci\u00f3n de Datos: www.aepd.es).<\/p>\n<p>\u00bfC\u00d3MO PROTEGEMOS SU INFORMACI\u00d3N?<\/p>\n<p>Le informamos que el Responsable del tratamiento lleva a cabo todas aquellas medidas t\u00e9cnicas y organizativas que garanticen que el tratamiento de datos sea conforme con los requisitos legales y garantice la protecci\u00f3n de derechos de los interesados\/usuarios. Todo ello, de conformidad con lo que dispone el art\u00edculo 24 del Reglamento General de Protecci\u00f3n de Datos (RGPD).<\/p>\n<p>Adem\u00e1s, informamos que llevamos a cabo todas aquellas medidas aplicables y necesarias sobre seguridad de los datos personales:<\/p>\n<p>Garantizamos la confidencialidad, integridad, disponibilidad y resiliencia permanentes de los sistemas y servicios de tratamiento.<br \/>\nPonemos todas aquellas medidas que est\u00e1n en nuestras manos para tener la suficiente capacidad para restaurar la disponibilidad y acceso a datos personales de forma r\u00e1pida en caso de incidente f\u00edsico o t\u00e9cnico.<br \/>\nEn su caso, aplicamos pol\u00edticas de cifrado.<br \/>\nDisponemos del protocolo de verificaci\u00f3n, evaluaci\u00f3n y valoraci\u00f3n de la eficacia de las medidas t\u00e9cnicas y organizativas implantadas.<br \/>\nDisponemos del protocolo para la notificaci\u00f3n de posibles violaciones de seguridad de datos personales, tanto a la autoridad de control como a los interesados.<\/p>\n<p>3. POL\u00cdTICA DE PRIVACIDAD RESPECTO DE MENORES DE 14 A\u00d1OS.<\/p>\n<p>La presente p\u00e1gina web no ofrece servicios ni est\u00e1 dirigida a menores de 14 a\u00f1os, por lo que cualquier dato personal que pudi\u00e9ramos obtener sin el oportuno consentimiento de los padres o tutores legales, ser\u00e1 eliminado tan pronto sea posible y tengamos conocimiento de ello.<\/p>\n<p>4. CAMBIOS EN LA POL\u00cdTICA DE PRIVACIDAD.<\/p>\n<p>Es posible que modifiquemos la informaci\u00f3n de esta Pol\u00edtica de Privacidad cuando lo estimemos oportuno. En caso que lo realicemos, te lo comunicaremos por las distintas v\u00edas a trav\u00e9s de esta web (por ejemplo, con un banner, pop-up, etc) o, incluso, a tu direcci\u00f3n de correo electr\u00f3nico; de manera que puedas revisar los cambios, valorarlos y oponerte o darte de baja en alg\u00fan servicio o funcionalidad. En cualquier caso, te sugerimos que revises esta Pol\u00edtica de Privacidad de vez en cuando por si hubiera alg\u00fan cambio.<\/p>\n<p>5. RESPONSABILIDAD DEL USUARIO<\/p>\n<p>T\u00fa como usuari@ nos garantizas que eres mayor de 18 a\u00f1os y que los datos que nos facilitas son verdaderos, exactos, completos y actualizados; adem\u00e1s, responder\u00e1s de la veracidad de todos los datos que nos comuniques y te comprometes a mantener actualizada la informaci\u00f3n facilitada, conforme a tu situaci\u00f3n real.<\/p>\n<p>Adem\u00e1s, si nos proporcionas datos de terceros, nos garantizas que has obtenido su autorizaci\u00f3n para facilit\u00e1rnoslos para los fines se\u00f1alados y que te comprometes a trasladar la informaci\u00f3n de la presente Pol\u00edtica de Privacidad, eximi\u00e9ndonos de cualquier responsabilidad en este sentido. No obstante, podremos llevar a cabo las verificaciones oportunas para constatar este hecho, adoptando las medidas de diligencia debida que correspondan.<\/p>\n<p>Por \u00faltimo, ser\u00e1s responsable de las informaciones falsas o inexactas que nos proporciones y de los datos y perjuicios, directos o indirectos, que ello cause o pueda causarnos o a terceros.<\/p>\n<p>6. REDES SOCIALES.<\/p>\n<p>Le informamos que, salvo que solicitemos sus datos directamente a trav\u00e9s de las diferentes redes sociales, sus datos se tratar\u00e1n \u00fanicamente por la red social en cuesti\u00f3n. En consecuencia, se recomienda leer detenidamente las correspondientes pol\u00edticas de privacidad de las redes sociales para estar informados sobre el tratamiento de sus datos personales.<\/p>\n<p>A continuaci\u00f3n, detallamos el enlace a la Pol\u00edtica de Privacidad de las redes sociales donde pueden encontrarnos:<\/p>\n<p>FACEBOOK: www.facebook.com\/legal\/terms<br \/>\nINSTAGRAM: https:\/\/www.instagram.com\/terms\/accept\/?hl=es<br \/>\nLINKEDIN: www.linkedin.com\/legal\/privacy-policy?trk=hb_ft_priv<\/p>\n<p>El Prestador se reserva el derecho a realizar concursos y promociones. Los usuarios podr\u00e1n participar y las bases detallar\u00e1n las condiciones de cada uno de los concursos y promociones que se publiquen en nuestras redes sociales. Los datos recogidos en cada una de ellas se utilizar\u00e1n \u00fanicamente con la finalidad de gestionar los concursos y promociones publicados, cumpliendo siempre con la normativa de protecci\u00f3n de datos aplicable y obteniendo siempre el consentimiento de l@s participantes. Por tanto, la recogida de datos personales a trav\u00e9s de los diferentes perfiles de las redes sociales se regir\u00e1 por la presente POL\u00cdTICA DE PRIVACIDAD.<\/p>\n","protected":false},"excerpt":{"rendered":"<p>La presente Pol\u00edtica de Privacidad explica detalladamente la informaci\u00f3n y condiciones legales del tratamiento de sus datos personales: qu\u00e9 datos recogemos, porqu\u00e9 los utilizamos, con qu\u00e9 finalidad, etc. en relaci\u00f3n con los servicios y\/o productos que ofrecemos. Informarles que la presente Pol\u00edtica de Privacidad se aplica a todos aquellos \u201cusuarios\u201d que nos facilitan sus datos  [&#8230;]<\/p>\n","protected":false},"author":1,"featured_media":0,"parent":0,"menu_order":0,"comment_status":"closed","ping_status":"closed","template":"","meta":{"_joinchat":[],"footnotes":""},"class_list":["post-1907","page","type-page","status-publish","hentry"],"yoast_head":"<!-- This site is optimized with the Yoast SEO plugin v27.6 - https:\/\/yoast.com\/product\/yoast-seo-wordpress\/ -->\n<title>POL\u00cdTICA DE PRIVACIDAD &#8226; Alocin \u00b7 Web marketing design SEO Freelance Wordpress<\/title>\n<meta name=\"robots\" content=\"index, follow, max-snippet:-1, max-image-preview:large, max-video-preview:-1\" \/>\n<link rel=\"canonical\" href=\"https:\/\/www.alocin.org\/es\/politica-de-privacidad\/\" \/>\n<meta property=\"og:locale\" content=\"es_ES\" \/>\n<meta property=\"og:type\" content=\"article\" \/>\n<meta property=\"og:title\" content=\"POL\u00cdTICA DE PRIVACIDAD &#8226; Alocin \u00b7 Web marketing design SEO Freelance Wordpress\" \/>\n<meta property=\"og:description\" content=\"La presente Pol\u00edtica de Privacidad explica detalladamente la informaci\u00f3n y condiciones legales del tratamiento de sus datos personales: qu\u00e9 datos recogemos, porqu\u00e9 los utilizamos, con qu\u00e9 finalidad, etc. en relaci\u00f3n con los servicios y\/o productos que ofrecemos. Informarles que la presente Pol\u00edtica de Privacidad se aplica a todos aquellos \u201cusuarios\u201d que nos facilitan sus datos [...]\" \/>\n<meta property=\"og:url\" content=\"https:\/\/www.alocin.org\/es\/politica-de-privacidad\/\" \/>\n<meta property=\"og:site_name\" content=\"Alocin \u00b7 Web marketing design SEO Freelance Wordpress\" \/>\n<meta name=\"twitter:card\" content=\"summary_large_image\" \/>\n<meta name=\"twitter:label1\" content=\"Tiempo de lectura\" \/>\n\t<meta name=\"twitter:data1\" content=\"9 minutos\" \/>\n<script type=\"application\/ld+json\" class=\"yoast-schema-graph\">{\"@context\":\"https:\\\/\\\/schema.org\",\"@graph\":[{\"@type\":\"WebPage\",\"@id\":\"https:\\\/\\\/www.alocin.org\\\/es\\\/politica-de-privacidad\\\/\",\"url\":\"https:\\\/\\\/www.alocin.org\\\/es\\\/politica-de-privacidad\\\/\",\"name\":\"POL\u00cdTICA DE PRIVACIDAD &#8226; Alocin \u00b7 Web marketing design SEO Freelance Wordpress\",\"isPartOf\":{\"@id\":\"https:\\\/\\\/www.alocin.org\\\/#website\"},\"datePublished\":\"2020-08-26T10:37:06+00:00\",\"breadcrumb\":{\"@id\":\"https:\\\/\\\/www.alocin.org\\\/es\\\/politica-de-privacidad\\\/#breadcrumb\"},\"inLanguage\":\"es\",\"potentialAction\":[{\"@type\":\"ReadAction\",\"target\":[\"https:\\\/\\\/www.alocin.org\\\/es\\\/politica-de-privacidad\\\/\"]}]},{\"@type\":\"BreadcrumbList\",\"@id\":\"https:\\\/\\\/www.alocin.org\\\/es\\\/politica-de-privacidad\\\/#breadcrumb\",\"itemListElement\":[{\"@type\":\"ListItem\",\"position\":1,\"name\":\"Portada\",\"item\":\"https:\\\/\\\/www.alocin.org\\\/es\\\/\"},{\"@type\":\"ListItem\",\"position\":2,\"name\":\"POL\u00cdTICA DE PRIVACIDAD\"}]},{\"@type\":\"WebSite\",\"@id\":\"https:\\\/\\\/www.alocin.org\\\/#website\",\"url\":\"https:\\\/\\\/www.alocin.org\\\/\",\"name\":\"Alocin \u00b7 Web marketing design &amp; SEO\",\"description\":\"Barcelona, Web Design \u00b7 Google\",\"publisher\":{\"@id\":\"https:\\\/\\\/www.alocin.org\\\/#organization\"},\"potentialAction\":[{\"@type\":\"SearchAction\",\"target\":{\"@type\":\"EntryPoint\",\"urlTemplate\":\"https:\\\/\\\/www.alocin.org\\\/?s={search_term_string}\"},\"query-input\":{\"@type\":\"PropertyValueSpecification\",\"valueRequired\":true,\"valueName\":\"search_term_string\"}}],\"inLanguage\":\"es\"},{\"@type\":\"Organization\",\"@id\":\"https:\\\/\\\/www.alocin.org\\\/#organization\",\"name\":\"Alocin \u00b7 Web marketing design & SEO \u00b7 Barcelona\",\"url\":\"https:\\\/\\\/www.alocin.org\\\/\",\"logo\":{\"@type\":\"ImageObject\",\"inLanguage\":\"es\",\"@id\":\"https:\\\/\\\/www.alocin.org\\\/#\\\/schema\\\/logo\\\/image\\\/\",\"url\":\"https:\\\/\\\/www.alocin.org\\\/wp-content\\\/uploads\\\/2018\\\/04\\\/LOGO-ALOCIN-260-freelancer-web-seo-barcelonanicola-mostallino.png\",\"contentUrl\":\"https:\\\/\\\/www.alocin.org\\\/wp-content\\\/uploads\\\/2018\\\/04\\\/LOGO-ALOCIN-260-freelancer-web-seo-barcelonanicola-mostallino.png\",\"width\":414,\"height\":260,\"caption\":\"Alocin \u00b7 Web marketing design & SEO \u00b7 Barcelona\"},\"image\":{\"@id\":\"https:\\\/\\\/www.alocin.org\\\/#\\\/schema\\\/logo\\\/image\\\/\"},\"sameAs\":[\"https:\\\/\\\/www.linkedin.com\\\/in\\\/nicola-mostallino-8161a960\\\/\"]}]}<\/script>\n<!-- \/ Yoast SEO plugin. -->","yoast_head_json":{"title":"POL\u00cdTICA DE PRIVACIDAD &#8226; Alocin \u00b7 Web marketing design SEO Freelance Wordpress","robots":{"index":"index","follow":"follow","max-snippet":"max-snippet:-1","max-image-preview":"max-image-preview:large","max-video-preview":"max-video-preview:-1"},"canonical":"https:\/\/www.alocin.org\/es\/politica-de-privacidad\/","og_locale":"es_ES","og_type":"article","og_title":"POL\u00cdTICA DE PRIVACIDAD &#8226; Alocin \u00b7 Web marketing design SEO Freelance Wordpress","og_description":"La presente Pol\u00edtica de Privacidad explica detalladamente la informaci\u00f3n y condiciones legales del tratamiento de sus datos personales: qu\u00e9 datos recogemos, porqu\u00e9 los utilizamos, con qu\u00e9 finalidad, etc. en relaci\u00f3n con los servicios y\/o productos que ofrecemos. Informarles que la presente Pol\u00edtica de Privacidad se aplica a todos aquellos \u201cusuarios\u201d que nos facilitan sus datos [...]","og_url":"https:\/\/www.alocin.org\/es\/politica-de-privacidad\/","og_site_name":"Alocin \u00b7 Web marketing design SEO Freelance Wordpress","twitter_card":"summary_large_image","twitter_misc":{"Tiempo de lectura":"9 minutos"},"schema":{"@context":"https:\/\/schema.org","@graph":[{"@type":"WebPage","@id":"https:\/\/www.alocin.org\/es\/politica-de-privacidad\/","url":"https:\/\/www.alocin.org\/es\/politica-de-privacidad\/","name":"POL\u00cdTICA DE PRIVACIDAD &#8226; Alocin \u00b7 Web marketing design SEO Freelance Wordpress","isPartOf":{"@id":"https:\/\/www.alocin.org\/#website"},"datePublished":"2020-08-26T10:37:06+00:00","breadcrumb":{"@id":"https:\/\/www.alocin.org\/es\/politica-de-privacidad\/#breadcrumb"},"inLanguage":"es","potentialAction":[{"@type":"ReadAction","target":["https:\/\/www.alocin.org\/es\/politica-de-privacidad\/"]}]},{"@type":"BreadcrumbList","@id":"https:\/\/www.alocin.org\/es\/politica-de-privacidad\/#breadcrumb","itemListElement":[{"@type":"ListItem","position":1,"name":"Portada","item":"https:\/\/www.alocin.org\/es\/"},{"@type":"ListItem","position":2,"name":"POL\u00cdTICA DE PRIVACIDAD"}]},{"@type":"WebSite","@id":"https:\/\/www.alocin.org\/#website","url":"https:\/\/www.alocin.org\/","name":"Alocin \u00b7 Web marketing design &amp; SEO","description":"Barcelona, Web Design \u00b7 Google","publisher":{"@id":"https:\/\/www.alocin.org\/#organization"},"potentialAction":[{"@type":"SearchAction","target":{"@type":"EntryPoint","urlTemplate":"https:\/\/www.alocin.org\/?s={search_term_string}"},"query-input":{"@type":"PropertyValueSpecification","valueRequired":true,"valueName":"search_term_string"}}],"inLanguage":"es"},{"@type":"Organization","@id":"https:\/\/www.alocin.org\/#organization","name":"Alocin \u00b7 Web marketing design & SEO \u00b7 Barcelona","url":"https:\/\/www.alocin.org\/","logo":{"@type":"ImageObject","inLanguage":"es","@id":"https:\/\/www.alocin.org\/#\/schema\/logo\/image\/","url":"https:\/\/www.alocin.org\/wp-content\/uploads\/2018\/04\/LOGO-ALOCIN-260-freelancer-web-seo-barcelonanicola-mostallino.png","contentUrl":"https:\/\/www.alocin.org\/wp-content\/uploads\/2018\/04\/LOGO-ALOCIN-260-freelancer-web-seo-barcelonanicola-mostallino.png","width":414,"height":260,"caption":"Alocin \u00b7 Web marketing design & SEO \u00b7 Barcelona"},"image":{"@id":"https:\/\/www.alocin.org\/#\/schema\/logo\/image\/"},"sameAs":["https:\/\/www.linkedin.com\/in\/nicola-mostallino-8161a960\/"]}]}},"_links":{"self":[{"href":"https:\/\/www.alocin.org\/es\/wp-json\/wp\/v2\/pages\/1907","targetHints":{"allow":["GET"]}}],"collection":[{"href":"https:\/\/www.alocin.org\/es\/wp-json\/wp\/v2\/pages"}],"about":[{"href":"https:\/\/www.alocin.org\/es\/wp-json\/wp\/v2\/types\/page"}],"author":[{"embeddable":true,"href":"https:\/\/www.alocin.org\/es\/wp-json\/wp\/v2\/users\/1"}],"replies":[{"embeddable":true,"href":"https:\/\/www.alocin.org\/es\/wp-json\/wp\/v2\/comments?post=1907"}],"version-history":[{"count":0,"href":"https:\/\/www.alocin.org\/es\/wp-json\/wp\/v2\/pages\/1907\/revisions"}],"wp:attachment":[{"href":"https:\/\/www.alocin.org\/es\/wp-json\/wp\/v2\/media?parent=1907"}],"curies":[{"name":"wp","href":"https:\/\/api.w.org\/{rel}","templated":true}]}}